{"id":29,"date":"2023-02-21T14:20:18","date_gmt":"2023-02-21T13:20:18","guid":{"rendered":"https:\/\/d.annabeille.fr\/?page_id=29"},"modified":"2023-02-22T08:48:41","modified_gmt":"2023-02-22T07:48:41","slug":"page-daccueil","status":"publish","type":"page","link":"https:\/\/d.annabeille.fr\/","title":{"rendered":"Page d\u2019accueil"},"content":{"rendered":"\n<div class=\"wp-block-columns is-layout-flex wp-container-core-columns-is-layout-9d6595d7 wp-block-columns-is-layout-flex\">\n<div class=\"wp-block-column is-layout-flow wp-block-column-is-layout-flow\" style=\"flex-basis:100%\">\n<figure class=\"wp-block-image aligncenter size-large is-resized\"><img loading=\"lazy\" decoding=\"async\" width=\"1024\" height=\"314\" class=\"wp-image-86 alignnone\" style=\"width: 100%;\" src=\"http:\/\/d.annabeille.fr\/wp-content\/uploads\/2023\/02\/Apicultrice-Anne-Mathias-Lembras-Dordogne-1024x314.jpg\" alt=\"\" srcset=\"https:\/\/d.annabeille.fr\/wp-content\/uploads\/2023\/02\/Apicultrice-Anne-Mathias-Lembras-Dordogne-1024x314.jpg 1024w, https:\/\/d.annabeille.fr\/wp-content\/uploads\/2023\/02\/Apicultrice-Anne-Mathias-Lembras-Dordogne-300x92.jpg 300w, https:\/\/d.annabeille.fr\/wp-content\/uploads\/2023\/02\/Apicultrice-Anne-Mathias-Lembras-Dordogne-768x235.jpg 768w, https:\/\/d.annabeille.fr\/wp-content\/uploads\/2023\/02\/Apicultrice-Anne-Mathias-Lembras-Dordogne-416x127.jpg 416w, https:\/\/d.annabeille.fr\/wp-content\/uploads\/2023\/02\/Apicultrice-Anne-Mathias-Lembras-Dordogne.jpg 1110w\" sizes=\"auto, (max-width: 1024px) 100vw, 1024px\" \/><\/figure>\n\n\n\n<h2 class=\"wp-block-heading\">APICULTRICE SUR LES HAUTEURS DE LEMBRAS<\/h2>\n\n\n\n<p>Apicultrice sur les hauteurs de Lembras en Dordogne, mon activit\u00e9 principale est la production de gel\u00e9e royale. Je r\u00e9colte et transforme tous les tr\u00e9sors de la ruche : miel, pollen frais et propolis.<\/p>\n\n\n\n<p>Les abeilles vivent en bordure de bois, afin d&#8217;avoir acc\u00e8s \u00e0 une grande diversit\u00e9 de ressources ce qui est essentiel \u00e0 leur survie.<\/p>\n<\/div>\n<\/div>\n\n\n\n<h2 class=\"wp-block-heading\">Nos produits <\/h2>\n\n\n<div data-block-name=\"woocommerce\/product-new\" class=\"wc-block-grid wp-block-product-new wp-block-woocommerce-product-new wc-block-product-new has-3-columns has-multiple-rows\"><ul class=\"wc-block-grid__products\"><li class=\"wc-block-grid__product\">\n\t\t\t\t<a href=\"https:\/\/d.annabeille.fr\/?product=miel-ambre\" class=\"wc-block-grid__product-link\">\n\t\t\t\t\t\n\t\t\t\t\t<div class=\"wc-block-grid__product-image\"><img loading=\"lazy\" decoding=\"async\" width=\"324\" height=\"324\" src=\"https:\/\/d.annabeille.fr\/wp-content\/uploads\/2023\/02\/miel-de-printemps-2021-324x324.jpg\" class=\"attachment-woocommerce_thumbnail size-woocommerce_thumbnail\" alt=\"Miel ambr\u00e9\" srcset=\"https:\/\/d.annabeille.fr\/wp-content\/uploads\/2023\/02\/miel-de-printemps-2021-324x324.jpg 324w, https:\/\/d.annabeille.fr\/wp-content\/uploads\/2023\/02\/miel-de-printemps-2021-300x300.jpg 300w, https:\/\/d.annabeille.fr\/wp-content\/uploads\/2023\/02\/miel-de-printemps-2021-150x150.jpg 150w, https:\/\/d.annabeille.fr\/wp-content\/uploads\/2023\/02\/miel-de-printemps-2021-768x768.jpg 768w, https:\/\/d.annabeille.fr\/wp-content\/uploads\/2023\/02\/miel-de-printemps-2021-416x416.jpg 416w, https:\/\/d.annabeille.fr\/wp-content\/uploads\/2023\/02\/miel-de-printemps-2021-100x100.jpg 100w, https:\/\/d.annabeille.fr\/wp-content\/uploads\/2023\/02\/miel-de-printemps-2021.jpg 800w\" sizes=\"auto, (max-width: 324px) 100vw, 324px\" \/><\/div>\n\t\t\t\t\t<div class=\"wc-block-grid__product-title\">Miel ambr\u00e9<\/div>\n\t\t\t\t<\/a>\n\t\t\t\t<div class=\"wc-block-grid__product-price price\"><span class=\"woocommerce-Price-amount amount\">9,00&nbsp;<span class=\"woocommerce-Price-currencySymbol\">&euro;<\/span><\/span><\/div>\n\t\t\t\t\n\t\t\t\t<div class=\"wp-block-button wc-block-grid__product-add-to-cart\"><a href=\"\/index.php?rest_route=%2Fwp%2Fv2%2Fpages%2F29&#038;add-to-cart=68\" aria-label=\"Add to cart: &ldquo;Miel ambr\u00e9&rdquo;\" data-quantity=\"1\" data-product_id=\"68\" data-product_sku=\"\" data-price=\"9\" rel=\"nofollow\" class=\"wp-block-button__link  add_to_cart_button ajax_add_to_cart\">Add to cart<\/a><\/div>\n\t\t\t<\/li><li class=\"wc-block-grid__product\">\n\t\t\t\t<a href=\"https:\/\/d.annabeille.fr\/?product=gelee-royale-francaise\" class=\"wc-block-grid__product-link\">\n\t\t\t\t\t\n\t\t\t\t\t<div class=\"wc-block-grid__product-image\"><img loading=\"lazy\" decoding=\"async\" width=\"324\" height=\"324\" src=\"https:\/\/d.annabeille.fr\/wp-content\/uploads\/2023\/02\/gelee-royale-1-324x324.jpg\" class=\"attachment-woocommerce_thumbnail size-woocommerce_thumbnail\" alt=\"GEL\u00c9E ROYALE FRAN\u00c7AISE\" srcset=\"https:\/\/d.annabeille.fr\/wp-content\/uploads\/2023\/02\/gelee-royale-1-324x324.jpg 324w, https:\/\/d.annabeille.fr\/wp-content\/uploads\/2023\/02\/gelee-royale-1-300x300.jpg 300w, https:\/\/d.annabeille.fr\/wp-content\/uploads\/2023\/02\/gelee-royale-1-150x150.jpg 150w, https:\/\/d.annabeille.fr\/wp-content\/uploads\/2023\/02\/gelee-royale-1-768x768.jpg 768w, https:\/\/d.annabeille.fr\/wp-content\/uploads\/2023\/02\/gelee-royale-1-416x416.jpg 416w, https:\/\/d.annabeille.fr\/wp-content\/uploads\/2023\/02\/gelee-royale-1-100x100.jpg 100w, https:\/\/d.annabeille.fr\/wp-content\/uploads\/2023\/02\/gelee-royale-1.jpg 800w\" sizes=\"auto, (max-width: 324px) 100vw, 324px\" \/><\/div>\n\t\t\t\t\t<div class=\"wc-block-grid__product-title\">GEL\u00c9E ROYALE FRAN\u00c7AISE<\/div>\n\t\t\t\t<\/a>\n\t\t\t\t<div class=\"wc-block-grid__product-price price\"><span class=\"woocommerce-Price-amount amount\">24,00&nbsp;<span class=\"woocommerce-Price-currencySymbol\">&euro;<\/span><\/span><\/div>\n\t\t\t\t\n\t\t\t\t<div class=\"wp-block-button wc-block-grid__product-add-to-cart\"><a href=\"\/index.php?rest_route=%2Fwp%2Fv2%2Fpages%2F29&#038;add-to-cart=66\" aria-label=\"Add to cart: &ldquo;GEL\u00c9E ROYALE FRAN\u00c7AISE&rdquo;\" data-quantity=\"1\" data-product_id=\"66\" data-product_sku=\"\" data-price=\"24\" rel=\"nofollow\" class=\"wp-block-button__link  add_to_cart_button ajax_add_to_cart\">Add to cart<\/a><\/div>\n\t\t\t<\/li><li class=\"wc-block-grid__product\">\n\t\t\t\t<a href=\"https:\/\/d.annabeille.fr\/?product=pollen-frais\" class=\"wc-block-grid__product-link\">\n\t\t\t\t\t\n\t\t\t\t\t<div class=\"wc-block-grid__product-image\"><img loading=\"lazy\" decoding=\"async\" width=\"324\" height=\"324\" src=\"https:\/\/d.annabeille.fr\/wp-content\/uploads\/2023\/02\/pollen-frais-324x324.jpg\" class=\"attachment-woocommerce_thumbnail size-woocommerce_thumbnail\" alt=\"Pollen Frais\" srcset=\"https:\/\/d.annabeille.fr\/wp-content\/uploads\/2023\/02\/pollen-frais-324x324.jpg 324w, https:\/\/d.annabeille.fr\/wp-content\/uploads\/2023\/02\/pollen-frais-300x300.jpg 300w, https:\/\/d.annabeille.fr\/wp-content\/uploads\/2023\/02\/pollen-frais-150x150.jpg 150w, https:\/\/d.annabeille.fr\/wp-content\/uploads\/2023\/02\/pollen-frais-768x768.jpg 768w, https:\/\/d.annabeille.fr\/wp-content\/uploads\/2023\/02\/pollen-frais-416x416.jpg 416w, https:\/\/d.annabeille.fr\/wp-content\/uploads\/2023\/02\/pollen-frais-100x100.jpg 100w, https:\/\/d.annabeille.fr\/wp-content\/uploads\/2023\/02\/pollen-frais.jpg 800w\" sizes=\"auto, (max-width: 324px) 100vw, 324px\" \/><\/div>\n\t\t\t\t\t<div class=\"wc-block-grid__product-title\">Pollen Frais<\/div>\n\t\t\t\t<\/a>\n\t\t\t\t<div class=\"wc-block-grid__product-price price\"><span class=\"woocommerce-Price-amount amount\">12,00&nbsp;<span class=\"woocommerce-Price-currencySymbol\">&euro;<\/span><\/span><\/div>\n\t\t\t\t\n\t\t\t\t<div class=\"wp-block-button wc-block-grid__product-add-to-cart\"><a href=\"\/index.php?rest_route=%2Fwp%2Fv2%2Fpages%2F29&#038;add-to-cart=59\" aria-label=\"Add to cart: &ldquo;Pollen Frais&rdquo;\" data-quantity=\"1\" data-product_id=\"59\" data-product_sku=\"\" data-price=\"12\" rel=\"nofollow\" class=\"wp-block-button__link  add_to_cart_button ajax_add_to_cart\">Add to cart<\/a><\/div>\n\t\t\t<\/li><li class=\"wc-block-grid__product\">\n\t\t\t\t<a href=\"https:\/\/d.annabeille.fr\/?product=miel-cremeux\" class=\"wc-block-grid__product-link\">\n\t\t\t\t\t\n\t\t\t\t\t<div class=\"wc-block-grid__product-image\"><img loading=\"lazy\" decoding=\"async\" width=\"324\" height=\"324\" src=\"https:\/\/d.annabeille.fr\/wp-content\/uploads\/2023\/02\/miel-fleurs-des-champs-printemps-2020-324x324.jpg\" class=\"attachment-woocommerce_thumbnail size-woocommerce_thumbnail\" alt=\"Miel cr\u00e9meux\" srcset=\"https:\/\/d.annabeille.fr\/wp-content\/uploads\/2023\/02\/miel-fleurs-des-champs-printemps-2020-324x324.jpg 324w, https:\/\/d.annabeille.fr\/wp-content\/uploads\/2023\/02\/miel-fleurs-des-champs-printemps-2020-300x300.jpg 300w, https:\/\/d.annabeille.fr\/wp-content\/uploads\/2023\/02\/miel-fleurs-des-champs-printemps-2020-150x150.jpg 150w, https:\/\/d.annabeille.fr\/wp-content\/uploads\/2023\/02\/miel-fleurs-des-champs-printemps-2020-768x768.jpg 768w, https:\/\/d.annabeille.fr\/wp-content\/uploads\/2023\/02\/miel-fleurs-des-champs-printemps-2020-416x416.jpg 416w, https:\/\/d.annabeille.fr\/wp-content\/uploads\/2023\/02\/miel-fleurs-des-champs-printemps-2020-100x100.jpg 100w, https:\/\/d.annabeille.fr\/wp-content\/uploads\/2023\/02\/miel-fleurs-des-champs-printemps-2020.jpg 800w\" sizes=\"auto, (max-width: 324px) 100vw, 324px\" \/><\/div>\n\t\t\t\t\t<div class=\"wc-block-grid__product-title\">Miel cr\u00e9meux<\/div>\n\t\t\t\t<\/a>\n\t\t\t\t<div class=\"wc-block-grid__product-price price\"><span class=\"woocommerce-Price-amount amount\">8,00&nbsp;<span class=\"woocommerce-Price-currencySymbol\">&euro;<\/span><\/span><\/div>\n\t\t\t\t\n\t\t\t\t<div class=\"wp-block-button wc-block-grid__product-add-to-cart\"><a href=\"\/index.php?rest_route=%2Fwp%2Fv2%2Fpages%2F29&#038;add-to-cart=49\" aria-label=\"Add to cart: &ldquo;Miel cr\u00e9meux&rdquo;\" data-quantity=\"1\" data-product_id=\"49\" data-product_sku=\"\" data-price=\"8\" rel=\"nofollow\" class=\"wp-block-button__link  add_to_cart_button ajax_add_to_cart\">Add to cart<\/a><\/div>\n\t\t\t<\/li><li class=\"wc-block-grid__product\">\n\t\t\t\t<a href=\"https:\/\/d.annabeille.fr\/?product=miel-de-bruyere\" class=\"wc-block-grid__product-link\">\n\t\t\t\t\t\n\t\t\t\t\t<div class=\"wc-block-grid__product-image\"><img loading=\"lazy\" decoding=\"async\" width=\"324\" height=\"324\" src=\"https:\/\/d.annabeille.fr\/wp-content\/uploads\/2023\/02\/miel-de-bruyere-324x324.jpg\" class=\"attachment-woocommerce_thumbnail size-woocommerce_thumbnail\" alt=\"MIEL DE BRUY\u00c8RE\" srcset=\"https:\/\/d.annabeille.fr\/wp-content\/uploads\/2023\/02\/miel-de-bruyere-324x324.jpg 324w, https:\/\/d.annabeille.fr\/wp-content\/uploads\/2023\/02\/miel-de-bruyere-300x300.jpg 300w, https:\/\/d.annabeille.fr\/wp-content\/uploads\/2023\/02\/miel-de-bruyere-150x150.jpg 150w, https:\/\/d.annabeille.fr\/wp-content\/uploads\/2023\/02\/miel-de-bruyere-768x768.jpg 768w, https:\/\/d.annabeille.fr\/wp-content\/uploads\/2023\/02\/miel-de-bruyere-416x416.jpg 416w, https:\/\/d.annabeille.fr\/wp-content\/uploads\/2023\/02\/miel-de-bruyere-100x100.jpg 100w, https:\/\/d.annabeille.fr\/wp-content\/uploads\/2023\/02\/miel-de-bruyere.jpg 800w\" sizes=\"auto, (max-width: 324px) 100vw, 324px\" \/><\/div>\n\t\t\t\t\t<div class=\"wc-block-grid__product-title\">Miel De Bruy\u00e8re<\/div>\n\t\t\t\t<\/a>\n\t\t\t\t<div class=\"wc-block-grid__product-price price\"><span class=\"woocommerce-Price-amount amount\">10,00&nbsp;<span class=\"woocommerce-Price-currencySymbol\">&euro;<\/span><\/span><\/div>\n\t\t\t\t\n\t\t\t\t<div class=\"wp-block-button wc-block-grid__product-add-to-cart\"><a href=\"\/index.php?rest_route=%2Fwp%2Fv2%2Fpages%2F29&#038;add-to-cart=47\" aria-label=\"Add to cart: &ldquo;Miel De Bruy\u00e8re&rdquo;\" data-quantity=\"1\" data-product_id=\"47\" data-product_sku=\"\" data-price=\"10\" rel=\"nofollow\" class=\"wp-block-button__link  add_to_cart_button ajax_add_to_cart\">Add to cart<\/a><\/div>\n\t\t\t<\/li><\/ul><\/div>","protected":false},"excerpt":{"rendered":"<p>APICULTRICE SUR LES HAUTEURS DE LEMBRAS Apicultrice sur les hauteurs de Lembras en Dordogne, mon activit\u00e9 principale est la production de gel\u00e9e royale. Je r\u00e9colte et transforme tous les tr\u00e9sors de la ruche : miel, pollen frais et propolis. Les abeilles vivent en bordure de bois, afin d&#8217;avoir acc\u00e8s \u00e0 une grande diversit\u00e9 de ressources [&hellip;]<\/p>\n","protected":false},"author":1,"featured_media":0,"parent":0,"menu_order":0,"comment_status":"closed","ping_status":"closed","template":"template-fullwidth.php","meta":{"footnotes":""},"class_list":["post-29","page","type-page","status-publish","hentry"],"_links":{"self":[{"href":"https:\/\/d.annabeille.fr\/index.php?rest_route=\/wp\/v2\/pages\/29","targetHints":{"allow":["GET"]}}],"collection":[{"href":"https:\/\/d.annabeille.fr\/index.php?rest_route=\/wp\/v2\/pages"}],"about":[{"href":"https:\/\/d.annabeille.fr\/index.php?rest_route=\/wp\/v2\/types\/page"}],"author":[{"embeddable":true,"href":"https:\/\/d.annabeille.fr\/index.php?rest_route=\/wp\/v2\/users\/1"}],"replies":[{"embeddable":true,"href":"https:\/\/d.annabeille.fr\/index.php?rest_route=%2Fwp%2Fv2%2Fcomments&post=29"}],"version-history":[{"count":6,"href":"https:\/\/d.annabeille.fr\/index.php?rest_route=\/wp\/v2\/pages\/29\/revisions"}],"predecessor-version":[{"id":93,"href":"https:\/\/d.annabeille.fr\/index.php?rest_route=\/wp\/v2\/pages\/29\/revisions\/93"}],"wp:attachment":[{"href":"https:\/\/d.annabeille.fr\/index.php?rest_route=%2Fwp%2Fv2%2Fmedia&parent=29"}],"curies":[{"name":"wp","href":"https:\/\/api.w.org\/{rel}","templated":true}]}}