{"id":76,"date":"2023-02-22T08:21:06","date_gmt":"2023-02-22T07:21:06","guid":{"rendered":"https:\/\/d.annabeille.fr\/?page_id=76"},"modified":"2023-02-22T08:21:06","modified_gmt":"2023-02-22T07:21:06","slug":"paiement-securise","status":"publish","type":"page","link":"https:\/\/d.annabeille.fr\/?page_id=76","title":{"rendered":"Paiement s\u00e9curis\u00e9"},"content":{"rendered":"\n<h3 class=\"wp-block-heading\">STRIPE<\/h3>\n\n\n\n<p>STRIPE est une infrastructure de paiement web s\u00e9curis\u00e9e. Elle permet \u00e0 nos clients de payer simplement en utilisant leur num\u00e9ro de CB sans quitter&nbsp;notre page paiement.<\/p>\n\n\n\n<h4 class=\"wp-block-heading\">Qu&#8217;est-ce que Stripe ?<\/h4>\n\n\n\n<p>Stripe est une solution de paiement tierce, qui permet d&#8217;accepter les paiements par carte de cr\u00e9dit et carte de d\u00e9bit. C&#8217;est une solution s\u00fbre et rapide.&nbsp;<\/p>\n\n\n\n<h4 class=\"wp-block-heading\">Est-ce que je dois avoir un compte Stripe pour&nbsp;faire un achat ?<\/h4>\n\n\n\n<p>Non. Tout ce dont vous avez besoin, c&#8217;est d&#8217;une carte de cr\u00e9dit ou de d\u00e9bit valide avec le logo Visa, Mastercard ou American Express.<\/p>\n\n\n\n<h3 class=\"wp-block-heading\">PAYPAL<\/h3>\n\n\n\n<p>Le paiement par le syst\u00e8me PayPal vous permet de ne plus communiquer vos coordonn\u00e9es bancaires pour chaque achat en ligne que vous r\u00e9alisez. Vous cr\u00e9ez un compte PayPal auquel vous liez votre num\u00e9ro de carte ou votre num\u00e9ro de compte bancaire.<\/p>\n\n\n\n<p>Si vous choisissez de payer via PayPal :<\/p>\n\n\n\n<p>Vous serez redirig\u00e9s vers une page de paiement PayPal s\u00e9curis\u00e9e o\u00f9 vous n\u2019indiquerez que votre email et votre mot de passe PayPal, puis vous confirmerez votre paiement.<\/p>\n\n\n\n<p>Le montant de la commande sera alors d\u00e9bit\u00e9 de votre compte PayPal si son solde est positif, ou du compte bancaire li\u00e9 si le solde est insuffisant<\/p>\n","protected":false},"excerpt":{"rendered":"<p>STRIPE STRIPE est une infrastructure de paiement web s\u00e9curis\u00e9e. Elle permet \u00e0 nos clients de payer simplement en utilisant leur num\u00e9ro de CB sans quitter&nbsp;notre page paiement. Qu&#8217;est-ce que Stripe ? Stripe est une solution de paiement tierce, qui permet d&#8217;accepter les paiements par carte de cr\u00e9dit et carte de d\u00e9bit. C&#8217;est une solution s\u00fbre [&hellip;]<\/p>\n","protected":false},"author":1,"featured_media":0,"parent":0,"menu_order":0,"comment_status":"closed","ping_status":"closed","template":"","meta":{"footnotes":""},"class_list":["post-76","page","type-page","status-publish","hentry"],"_links":{"self":[{"href":"https:\/\/d.annabeille.fr\/index.php?rest_route=\/wp\/v2\/pages\/76","targetHints":{"allow":["GET"]}}],"collection":[{"href":"https:\/\/d.annabeille.fr\/index.php?rest_route=\/wp\/v2\/pages"}],"about":[{"href":"https:\/\/d.annabeille.fr\/index.php?rest_route=\/wp\/v2\/types\/page"}],"author":[{"embeddable":true,"href":"https:\/\/d.annabeille.fr\/index.php?rest_route=\/wp\/v2\/users\/1"}],"replies":[{"embeddable":true,"href":"https:\/\/d.annabeille.fr\/index.php?rest_route=%2Fwp%2Fv2%2Fcomments&post=76"}],"version-history":[{"count":1,"href":"https:\/\/d.annabeille.fr\/index.php?rest_route=\/wp\/v2\/pages\/76\/revisions"}],"predecessor-version":[{"id":77,"href":"https:\/\/d.annabeille.fr\/index.php?rest_route=\/wp\/v2\/pages\/76\/revisions\/77"}],"wp:attachment":[{"href":"https:\/\/d.annabeille.fr\/index.php?rest_route=%2Fwp%2Fv2%2Fmedia&parent=76"}],"curies":[{"name":"wp","href":"https:\/\/api.w.org\/{rel}","templated":true}]}}