{"id":80,"date":"2023-02-22T08:26:28","date_gmt":"2023-02-22T07:26:28","guid":{"rendered":"https:\/\/d.annabeille.fr\/?page_id=80"},"modified":"2023-02-22T08:32:07","modified_gmt":"2023-02-22T07:32:07","slug":"a-propos","status":"publish","type":"page","link":"https:\/\/d.annabeille.fr\/?page_id=80","title":{"rendered":"A propos"},"content":{"rendered":"\n<div class=\"wp-block-columns is-layout-flex wp-container-core-columns-is-layout-9d6595d7 wp-block-columns-is-layout-flex\">\n<div class=\"wp-block-column is-layout-flow wp-block-column-is-layout-flow\">\n<h2 class=\"wp-block-heading\">Qui suis-je ?<\/h2>\n\n\n\n<p>Apicultrice sur les hauteurs de Lembras en Dordogne, mon activit\u00e9 principale est la production de gel\u00e9e royale. Je r\u00e9colte et transforme tous les tr\u00e9sors de la ruche : miel, pollen frais et propolis.<\/p>\n\n\n\n<p>Les abeilles vivent en bordure de bois, afin d&#8217;avoir acc\u00e8s \u00e0 une grande diversit\u00e9 de ressources ce qui est essentiel \u00e0 leur survie.<\/p>\n\n\n\n<h3 class=\"wp-block-heading\">La gel\u00e9e \u00e0 quoi \u00e7a sert ?<\/h3>\n\n\n\n<p>Concentr\u00e9 de vitamines et d&#8217;acides amin\u00e9s, la gel\u00e9e royale est un aliment brut et naturel produit par les abeilles pour nourrir la reine. Cette diff\u00e9rence nutritive assure \u00e0 la reine une plus longue vie (3 ans contre 10 semaines), une meilleure r\u00e9sistance aux maladies et un appareil reproducteur fonctionnel.<\/p>\n\n\n\n<p>Dans la gel\u00e9e on trouve des lipides, des protides, 10HDA acide amin\u00e9 rare, du calcium, du potassium, magn\u00e9sium, sodium et zinc, des vitamines\u2026<\/p>\n\n\n\n<h2 class=\"wp-block-heading\">Nos magasin<\/h2>\n\n\n\n<p>Veuillez vous r\u00e9f\u00e9rer \u00e0&nbsp;<a href=\"https:\/\/www.annabeille.fr\/magasins\">nos magasins<\/a>.<\/p>\n<\/div>\n\n\n\n<div class=\"wp-block-column is-layout-flow wp-block-column-is-layout-flow\">\n<figure class=\"wp-block-image size-full\"><img loading=\"lazy\" decoding=\"async\" width=\"300\" height=\"300\" src=\"http:\/\/d.annabeille.fr\/wp-content\/uploads\/2023\/02\/anne.jpg\" alt=\"\" class=\"wp-image-81\" srcset=\"https:\/\/d.annabeille.fr\/wp-content\/uploads\/2023\/02\/anne.jpg 300w, https:\/\/d.annabeille.fr\/wp-content\/uploads\/2023\/02\/anne-150x150.jpg 150w, https:\/\/d.annabeille.fr\/wp-content\/uploads\/2023\/02\/anne-100x100.jpg 100w\" sizes=\"auto, (max-width: 300px) 100vw, 300px\" \/><\/figure>\n<\/div>\n<\/div>\n","protected":false},"excerpt":{"rendered":"<p>Qui suis-je ? Apicultrice sur les hauteurs de Lembras en Dordogne, mon activit\u00e9 principale est la production de gel\u00e9e royale. Je r\u00e9colte et transforme tous les tr\u00e9sors de la ruche : miel, pollen frais et propolis. Les abeilles vivent en bordure de bois, afin d&#8217;avoir acc\u00e8s \u00e0 une grande diversit\u00e9 de ressources ce qui est [&hellip;]<\/p>\n","protected":false},"author":1,"featured_media":0,"parent":0,"menu_order":0,"comment_status":"closed","ping_status":"closed","template":"","meta":{"footnotes":""},"class_list":["post-80","page","type-page","status-publish","hentry"],"_links":{"self":[{"href":"https:\/\/d.annabeille.fr\/index.php?rest_route=\/wp\/v2\/pages\/80","targetHints":{"allow":["GET"]}}],"collection":[{"href":"https:\/\/d.annabeille.fr\/index.php?rest_route=\/wp\/v2\/pages"}],"about":[{"href":"https:\/\/d.annabeille.fr\/index.php?rest_route=\/wp\/v2\/types\/page"}],"author":[{"embeddable":true,"href":"https:\/\/d.annabeille.fr\/index.php?rest_route=\/wp\/v2\/users\/1"}],"replies":[{"embeddable":true,"href":"https:\/\/d.annabeille.fr\/index.php?rest_route=%2Fwp%2Fv2%2Fcomments&post=80"}],"version-history":[{"count":3,"href":"https:\/\/d.annabeille.fr\/index.php?rest_route=\/wp\/v2\/pages\/80\/revisions"}],"predecessor-version":[{"id":84,"href":"https:\/\/d.annabeille.fr\/index.php?rest_route=\/wp\/v2\/pages\/80\/revisions\/84"}],"wp:attachment":[{"href":"https:\/\/d.annabeille.fr\/index.php?rest_route=%2Fwp%2Fv2%2Fmedia&parent=80"}],"curies":[{"name":"wp","href":"https:\/\/api.w.org\/{rel}","templated":true}]}}