{"id":47,"date":"2023-02-21T15:26:33","date_gmt":"2023-02-21T14:26:33","guid":{"rendered":"https:\/\/d.annabeille.fr\/?post_type=product&#038;p=47"},"modified":"2023-02-21T15:26:34","modified_gmt":"2023-02-21T14:26:34","slug":"miel-de-bruyere","status":"publish","type":"product","link":"https:\/\/d.annabeille.fr\/?product=miel-de-bruyere","title":{"rendered":"Miel De Bruy\u00e8re"},"content":{"rendered":"<h3>R\u00e9colt\u00e9 en for\u00eat sur Montpon M\u00e9nestrol. Go\u00fbt prononc\u00e9, m\u00e9lange d\u2019amertume et de caramel. La bruy\u00e8re est connue pour ses nombreuses vertus protectrices qu\u2019elle a transmises \u00e0 son miel. Notamment pour les reins<\/h3>\n","protected":false},"excerpt":{"rendered":"<p>R\u00e9colt\u00e9 en for\u00eat sur Montpon M\u00e9nestrol. Go\u00fbt prononc\u00e9, m\u00e9lange d\u2019amertume et de caramel. La bruy\u00e8re est connue pour ses nombreuses vertus protectrices qu\u2019elle a transmises \u00e0 son miel. Notamment pour les reins<\/p>\n","protected":false},"featured_media":48,"comment_status":"open","ping_status":"closed","template":"","meta":[],"product_brand":[],"product_cat":[20,21],"product_tag":[],"class_list":{"0":"post-47","1":"product","2":"type-product","3":"status-publish","4":"has-post-thumbnail","6":"product_cat-miel","7":"product_cat-miel-monofloral","9":"first","10":"instock","11":"shipping-taxable","12":"purchasable","13":"product-type-simple"},"_links":{"self":[{"href":"https:\/\/d.annabeille.fr\/index.php?rest_route=\/wp\/v2\/product\/47","targetHints":{"allow":["GET"]}}],"collection":[{"href":"https:\/\/d.annabeille.fr\/index.php?rest_route=\/wp\/v2\/product"}],"about":[{"href":"https:\/\/d.annabeille.fr\/index.php?rest_route=\/wp\/v2\/types\/product"}],"replies":[{"embeddable":true,"href":"https:\/\/d.annabeille.fr\/index.php?rest_route=%2Fwp%2Fv2%2Fcomments&post=47"}],"wp:featuredmedia":[{"embeddable":true,"href":"https:\/\/d.annabeille.fr\/index.php?rest_route=\/wp\/v2\/media\/48"}],"wp:attachment":[{"href":"https:\/\/d.annabeille.fr\/index.php?rest_route=%2Fwp%2Fv2%2Fmedia&parent=47"}],"wp:term":[{"taxonomy":"product_brand","embeddable":true,"href":"https:\/\/d.annabeille.fr\/index.php?rest_route=%2Fwp%2Fv2%2Fproduct_brand&post=47"},{"taxonomy":"product_cat","embeddable":true,"href":"https:\/\/d.annabeille.fr\/index.php?rest_route=%2Fwp%2Fv2%2Fproduct_cat&post=47"},{"taxonomy":"product_tag","embeddable":true,"href":"https:\/\/d.annabeille.fr\/index.php?rest_route=%2Fwp%2Fv2%2Fproduct_tag&post=47"}],"curies":[{"name":"wp","href":"https:\/\/api.w.org\/{rel}","templated":true}]}}