{"id":59,"date":"2023-02-21T16:25:08","date_gmt":"2023-02-21T15:25:08","guid":{"rendered":"https:\/\/d.annabeille.fr\/?post_type=product&#038;p=59"},"modified":"2023-02-21T16:27:33","modified_gmt":"2023-02-21T15:27:33","slug":"pollen-frais","status":"publish","type":"product","link":"https:\/\/d.annabeille.fr\/?product=pollen-frais","title":{"rendered":"Pollen Frais"},"content":{"rendered":"<h3>Une explosion florale dans la bouche, d\u2019aspect mou et non farineux contrairement au pollen sec.<\/h3>\n<h3>Le pollen est de la farine de fleur, c\u2019est sa poussi\u00e8re f\u00e9condante. L\u2019analyse globale met en \u00e9vidence : des lipides, protides, acides gras insatur\u00e9s, sels min\u00e9raux, vitamines B1 \u00e0 9,12, C,D,E, carot\u00e8ne.<\/h3>\n","protected":false},"excerpt":{"rendered":"<h3>Une explosion florale dans la bouche, d\u2019aspect mou et non farineux contrairement au pollen sec.<br \/>\nLe pollen est de la farine de fleur, c\u2019est sa poussi\u00e8re f\u00e9condante. L\u2019analyse globale met en \u00e9vidence : des lipides, protides, acides gras insatur\u00e9s, sels min\u00e9raux, vitamines B1 \u00e0 9,12, C,D,E, carot\u00e8ne.<\/h3>\n","protected":false},"featured_media":60,"comment_status":"open","ping_status":"closed","template":"","meta":[],"product_brand":[],"product_cat":[24],"product_tag":[],"class_list":{"0":"post-59","1":"product","2":"type-product","3":"status-publish","4":"has-post-thumbnail","6":"product_cat-pollens","8":"first","9":"instock","10":"shipping-taxable","11":"purchasable","12":"product-type-simple"},"_links":{"self":[{"href":"https:\/\/d.annabeille.fr\/index.php?rest_route=\/wp\/v2\/product\/59","targetHints":{"allow":["GET"]}}],"collection":[{"href":"https:\/\/d.annabeille.fr\/index.php?rest_route=\/wp\/v2\/product"}],"about":[{"href":"https:\/\/d.annabeille.fr\/index.php?rest_route=\/wp\/v2\/types\/product"}],"replies":[{"embeddable":true,"href":"https:\/\/d.annabeille.fr\/index.php?rest_route=%2Fwp%2Fv2%2Fcomments&post=59"}],"wp:featuredmedia":[{"embeddable":true,"href":"https:\/\/d.annabeille.fr\/index.php?rest_route=\/wp\/v2\/media\/60"}],"wp:attachment":[{"href":"https:\/\/d.annabeille.fr\/index.php?rest_route=%2Fwp%2Fv2%2Fmedia&parent=59"}],"wp:term":[{"taxonomy":"product_brand","embeddable":true,"href":"https:\/\/d.annabeille.fr\/index.php?rest_route=%2Fwp%2Fv2%2Fproduct_brand&post=59"},{"taxonomy":"product_cat","embeddable":true,"href":"https:\/\/d.annabeille.fr\/index.php?rest_route=%2Fwp%2Fv2%2Fproduct_cat&post=59"},{"taxonomy":"product_tag","embeddable":true,"href":"https:\/\/d.annabeille.fr\/index.php?rest_route=%2Fwp%2Fv2%2Fproduct_tag&post=59"}],"curies":[{"name":"wp","href":"https:\/\/api.w.org\/{rel}","templated":true}]}}