{"id":68,"date":"2023-02-21T16:51:23","date_gmt":"2023-02-21T15:51:23","guid":{"rendered":"https:\/\/d.annabeille.fr\/?post_type=product&#038;p=68"},"modified":"2023-02-22T11:05:32","modified_gmt":"2023-02-22T10:05:32","slug":"miel-ambre","status":"publish","type":"product","link":"https:\/\/d.annabeille.fr\/?product=miel-ambre","title":{"rendered":"Miel ambr\u00e9"},"content":{"rendered":"<h3>Aromatique et doux, r\u00e9colt\u00e9 sur les hauteurs de Lembras, m\u00e9lange \u00e9quilibr\u00e9 de la douceur des ronces, et du caract\u00e8re fort des ch\u00eanes et ch\u00e2taigniers et pins.<\/h3>\n","protected":false},"excerpt":{"rendered":"<h3>Aromatique et doux, r\u00e9colt\u00e9 sur les hauteurs de Lembras, m\u00e9lange \u00e9quilibr\u00e9 de la douceur des ronces, et du caract\u00e8re fort des ch\u00eanes et ch\u00e2taigniers et pins.<\/h3>\n","protected":false},"featured_media":69,"comment_status":"open","ping_status":"closed","template":"","meta":[],"product_brand":[],"product_cat":[20,22],"product_tag":[],"class_list":{"0":"post-68","1":"product","2":"type-product","3":"status-publish","4":"has-post-thumbnail","6":"product_cat-miel","7":"product_cat-miel-multifloraux","9":"first","10":"instock","11":"shipping-taxable","12":"purchasable","13":"product-type-simple"},"_links":{"self":[{"href":"https:\/\/d.annabeille.fr\/index.php?rest_route=\/wp\/v2\/product\/68","targetHints":{"allow":["GET"]}}],"collection":[{"href":"https:\/\/d.annabeille.fr\/index.php?rest_route=\/wp\/v2\/product"}],"about":[{"href":"https:\/\/d.annabeille.fr\/index.php?rest_route=\/wp\/v2\/types\/product"}],"replies":[{"embeddable":true,"href":"https:\/\/d.annabeille.fr\/index.php?rest_route=%2Fwp%2Fv2%2Fcomments&post=68"}],"wp:featuredmedia":[{"embeddable":true,"href":"https:\/\/d.annabeille.fr\/index.php?rest_route=\/wp\/v2\/media\/69"}],"wp:attachment":[{"href":"https:\/\/d.annabeille.fr\/index.php?rest_route=%2Fwp%2Fv2%2Fmedia&parent=68"}],"wp:term":[{"taxonomy":"product_brand","embeddable":true,"href":"https:\/\/d.annabeille.fr\/index.php?rest_route=%2Fwp%2Fv2%2Fproduct_brand&post=68"},{"taxonomy":"product_cat","embeddable":true,"href":"https:\/\/d.annabeille.fr\/index.php?rest_route=%2Fwp%2Fv2%2Fproduct_cat&post=68"},{"taxonomy":"product_tag","embeddable":true,"href":"https:\/\/d.annabeille.fr\/index.php?rest_route=%2Fwp%2Fv2%2Fproduct_tag&post=68"}],"curies":[{"name":"wp","href":"https:\/\/api.w.org\/{rel}","templated":true}]}}